{"id":209,"date":"2009-09-19T00:42:56","date_gmt":"2009-09-18T22:42:56","guid":{"rendered":"http:\/\/sohappy.no\/blogg\/?page_id=209"},"modified":"2022-10-22T10:08:19","modified_gmt":"2022-10-22T08:08:19","slug":"folkogrovere-bio","status":"publish","type":"page","link":"https:\/\/sohappy.no\/blogg\/folkogrovere\/folkogrovere-bio\/","title":{"rendered":"Folk &#038; R\u00f8vere Bio"},"content":{"rendered":"<p><span style=\"font-size: x-large;\"><strong>1994<\/strong><\/span><\/p>\n<p>Den f\u00f8rste Folk &amp; R\u00f8vere-demoen ble k\u00e5ret til \u00e5rets demo p\u00e5 NRK Petre. Demoen ble innspilt i en l\u00e5ve p\u00e5 Fetsund utenfor Lillestr\u00f8m, og inneholdt \u00e9n av l\u00e5tene som senere havnet p\u00e5 debutalbumet. Folk &amp; R\u00f8vere besto p\u00e5 dette tidspunktet av Ulf Nygaard, \u00d8yunn Bj\u00f8rge og gitarist Daniel Forslund (fra lokalt legendariske Fothermucker).<\/p>\n<p><span style=\"font-size: x-large;\"><strong>1995<\/strong><\/span><\/p>\n<p>Fikk platekontrakt p\u00e5 Sonet i juni, og startet umiddelbart med innspillingen av debutalbumet \u00abVi som ikke har opplevd krigen\u00bb med Ola Haampland som produsent.\u2028Haampland var p\u00e5 dette tidspunktet vokalist i Sony-signerte Happy Campers.\u2028\u00d8yunn Bj\u00f8rge ble byttet ut mot slutten av innspillingen med Beate Slettevoll Lech (Bj\u00f8rge dro til G\u00f6teborg og avsluttet sin teater-utdanning, og havnet etterhvert p\u00e5 Det norske Teater). Lech var vokalist i bandet Insert Coin, hvor ogs\u00e5 Marius Reksj\u00f8 spilte (Reksj\u00f8 ble senere bassist i turn\u00e9bandet Folk &amp; R\u00f8vere).<\/p>\n<p><img decoding=\"async\" class=\"alignleft\" title=\"1996\" src=\"http:\/\/www.sohappy.no\/grafikk\/montage_1996.jpg\" alt=\"\" \/><\/p>\n<p><span style=\"font-size: x-large;\"><strong>1996<\/strong><\/span><\/p>\n<p>Debutsinglen \u00abAstronaut\u00bb ble sluppet i januar. Den vant en nynorsk-pris, og var l\u00e5ten som ble fremf\u00f8rt da Folk &amp; R\u00f8vere TV-debuterte p\u00e5 Norges desidert mest popul\u00e6re TV-show, NRKs \u00abWiese\u00bb, med syvmannsband inkludert DJ Strangefruit bak platespillerne. Ulph spilte p\u00e5 spilled\u00e5se. I april kom singlen \u00abPepperkakeMann\u00bb &#8211; komplett med samplet tale av tidligere statsminister Einar Gerhardsens tale og p\u00e5f\u00f8lgende avisoppslag.<br \/>\nDebutalbumet \u00abVi som ikke har opplevd krigen\u00bb kom i mai 1996. Hysteriske kritikker (seks i Aftenposten, fem i VG og Dagbladet) og hyggelig salg. Folk &amp; R\u00f8vere gjorde en rekke TV-opptredener, og \u00e5pnet dessuten Quart-festivalen dette \u00e5ret.<br \/>\nF\u00f8rste norgesturn\u00e9 startet i september p\u00e5 Folken i Haugesund.<br \/>\nI livebandet var i tillegg til Ulph og Beate, Marius Reksj\u00f8 (bass), Martin Winstad (trommeslager som senere har spilt fast med bl.a. Vidar Busk, Odd Nordstoga og Bj\u00f8rn Eidsv\u00e5g), Ivar Winther (har senere blant mye annet spilt i Piledriver og gitt ut musikk under pseudonymet Snuten), <a href=\"http:\/\/www.rolferiknystrom.com\/\">Rolf-Erik Nystr\u00f8m<\/a> (saksofon, en av landets mest markante samtidsmusikere), Sverre Thorstensen (har senere spilt med bl.a. Penthouse Playboys og ga i 2009 ut debutalbum som <a href=\"http:\/\/www.myspace.com\/liebekongsverre\">Kong Sverre<\/a>) og DJ Strangefruit (senere ogs\u00e5 plateartist med <a href=\"http:\/\/www.myspace.com\/mungolianjetset\">Mungolian Jet Set<\/a>).<\/p>\n<p><span style=\"font-size: x-large;\"><strong>1997<\/strong><\/span><\/p>\n<p>Etter mer turnering startet innspillingen av album nummer to v\u00e5ren 1997. Ola Haampland satt fortsatt i produsentstolen, men hadde siden sist flyttet studioet til London. \u00abkaustisksoda\u00bb var klar p\u00e5 h\u00f8sten, og f\u00f8rste single \u00abBris\u00bb kom i oktober. Sommeren 1997 startet Ulph sin kaustisksoda-klubb p\u00e5 den ny-hippe Gr\u00fcnerl\u00f8kka-caf\u00e9en fru Hagen sammen med DJ Strangefruit. Klubbkonseptet ble etterhvert utviklet til en av hovedstadens seigeste mandagsklubber, og de fleste av Norges ledende DJer var innom her fram til 2003.<br \/>\nFolk &amp; R\u00f8vere spilte blant annet p\u00e5 Oslo Spektrum-festivalen Hyperstate, med samtidsmusikeren <a href=\"http:\/\/www.ratkje.com\/\">Maja Ratkje<\/a> bak maskinene. Og gjorde ogs\u00e5 \u00abOver the Rainbow\u00bb p\u00e5 TV-showet for Amandaprisen i Haugesund.<\/p>\n<p><img decoding=\"async\" class=\"alignleft\" title=\"1998\" src=\"http:\/\/www.sohappy.no\/grafikk\/montage_1998.jpg\" alt=\"\" \/><\/p>\n<p><span style=\"font-size: x-large;\"><strong>1998<\/strong><\/span><\/p>\n<p>Albumet \u00abkaustisksoda\u00bb ble sluppet i januar, samtidig med radiosinglen \u00abfru Hagen\u00bb, som ble en betydelig radiohit. \u00abkaustisksoda\u00bb er fortsatt Folk &amp; R\u00f8veres mest solgte album. For\u00f8vrig med selveste Jan Fredrik Karlsen som A&amp;R p\u00e5 Sonet\/PolyGram i Drammensveien.<br \/>\nI etterkant av albumslippet spilte F&amp;R p\u00e5 by:larm i Trondheim.<br \/>\nH\u00f8sten 1998 gjorde Folk &amp; R\u00f8vere sin siste turn\u00e9 med Beate Slettevoll Lech som vokalist. I livebandet var Peder Kjellsby og Sjur Miljeteig pluss DJen <a href=\"http:\/\/www.myspace.com\/prinsthomas\">Prins Thomas<\/a> (som de siste \u00e5rene har v\u00e6rt en av Norges mest internasjonalt profilerte DJs og produsenter av klubbmusikk via labelen Full Pupp).<br \/>\nEtter turn\u00e9en hoppet Beate av for \u00e5 dra i gang en lang og internasjonalt anerkjent solo-karriere med Marius Reksj\u00f8 i <a href=\"http:\/\/www.beadybelle.com\/\">Beady Belle<\/a>.<\/p>\n<p><img decoding=\"async\" class=\"alignleft\" title=\"1999\" src=\"http:\/\/www.sohappy.no\/grafikk\/montage_1999.jpg\" alt=\"\" \/><\/p>\n<p><span style=\"font-size: x-large;\"><strong>1999<\/strong><\/span><\/p>\n<p>Album nummer tre var allerede godt i gang ved \u00e5rsskiftet. Sjur Miljeteig og Peder Kjellsby (begge husnavn i norsk jazzmilj\u00f8, og ga ogs\u00e5 ut eget materiale under navnet Friko) var henholdsvis trompetist og trommeslager i turn\u00e9bandet Folk &amp; R\u00f8vere, og ble hyret inn som produsenter i deres studio dypt inne i de svenske skoger.<br \/>\nF\u00f8rste single fra albumet var \u00abYess!\u00bb. Den kom i mai,og ble umiddelbart en stor sommerhit.\u2028\u00abYess!\u00bb har flere ganger blitt k\u00e5ret til tidenes norske sommerl\u00e5t de siste \u00e5rene.<br \/>\nAlbumet som fulgte fikk tittelen \u00abOslo\u00bb. Turn\u00e9 h\u00f8sten 1999, med Miljeteig og Kjellsby i turn\u00e9bandet sammen med vokalist Anita Nansy Valderhaug (var vokalist i bandet Nansy, som ga ut en EP p\u00e5 Ulphs So Happy-label i 2000) og Prins Thomas.<\/p>\n<p><img decoding=\"async\" class=\"alignleft\" title=\"2000\" src=\"http:\/\/www.sohappy.no\/grafikk\/montage_2000.jpg\" alt=\"\" \/><\/p>\n<p><span style=\"font-size: x-large;\"><strong>2000<\/strong><\/span><\/p>\n<p>Folk &amp; R\u00f8veres fjerde album, \u00abIt\u2019s A Baby, Baby I Luv You Thing\u00bb, kom i september p\u00e5 Ulphs So Happy-etikett via distribut\u00f8ren MNW. Albumet innholdt en samling gjester (inkl. Universal-artisten <a href=\"http:\/\/www.myspace.com\/janejohansen\">Jane<\/a> og Anita Nansy Valderhaug og ikke minst tidligere Happy Campers-gitarist Jo Bakke, som etter dette har v\u00e6rt med p\u00e5 alle Folk &amp; R\u00f8vere-albumene).<br \/>\nSinglen \u00abDust\u00bb ble sluppet p\u00e5 forsommeren, og dro inn nok en radiohit.<\/p>\n<p><span style=\"font-size: x-large;\"><strong>2001<\/strong><\/span><\/p>\n<p>Stille og rolig Folk &amp; R\u00f8vere-\u00e5r siden Ulph tok en pause for \u00e5 jobbe p\u00e5 engelskprosjektet <a href=\"http:\/\/www.flunkmusic.com\/\">Flunk<\/a>. Det kom imidlertid en single i et begrenset opplag p\u00e5 Ulphs So Happy-label, \u00abIhvertfall Litt\u00bb. Den ble ogs\u00e5 en aldri s\u00e5 liten radiohit.\u2028Bidro ogs\u00e5 p\u00e5 et album med Bob Marley-covere p\u00e5 norsk \u2013 <a href=\"http:\/\/www.puls.no\/6532.html\">\u00abInn fra kulda\u00bb<\/a> \u2013 med en versjon av \u00abKaya\u00bb. Albumet ble ganske raskt trukket tilbake p\u00e5 grunn av rettighetsproblemer.\u2028Bidro ogs\u00e5 med to kutt p\u00e5 en CD utgitt kun med <a href=\"http:\/\/universitas.no\/kultur\/747\/med-musiske-ord\/\">litteraturtidsskriftet Vinduet<\/a> \u2013 Folk &amp; R\u00f8vere gjorde \u00abNatten i natt\u00bb, Jens Bj\u00f8rneboe-dikt lest av dikteren selv, og Stein Mehrens \u00abJeg holder ditt hode\u00bb.<\/p>\n<p><img decoding=\"async\" class=\"alignleft\" title=\"2002\" src=\"http:\/\/www.sohappy.no\/grafikk\/montage_2002.jpg\" alt=\"\" \/><\/p>\n<p><span style=\"font-size: x-large;\"><strong>2002<\/strong><\/span><\/p>\n<p>Ulphs Flunk-prosjekt gikk p\u00e5 luften i april. Allerede da var Folk &amp; R\u00f8vere-album nummer fem godt i gang, akkurat som Flunk et samarbeid mellom Ulph og gitarist Jo Bakke. I l\u00f8pet av sommeren hooket Folk &amp; R\u00f8vere opp med plateselskapet Voices of Wonder.<br \/>\nF\u00f8rste single kom i oktober, \u00abUtad\u00e6sj\u00e6l\u00e5pplevelse\u00bb med <a href=\"http:\/\/www.raviraviravi.no\/\">Ravi<\/a> (alias Ivar Chr. Johansen) p\u00e5 vokal. Helt mot slutten av \u00e5ret begynte det \u00e5 skje ting med videoen via NRK2s popul\u00e6re musikkvideosendinger \u00abSvisj\u00bb, men p\u00e5 radio var det fortsatt stille.<\/p>\n<p><img decoding=\"async\" class=\"alignleft\" title=\"2003\" src=\"http:\/\/www.sohappy.no\/grafikk\/montage_2003a.jpg\" alt=\"\" \/><br \/>\n<img decoding=\"async\" class=\"alignleft\" title=\"2003\" src=\"http:\/\/www.sohappy.no\/grafikk\/montage_2003c.jpg\" alt=\"\" \/><br \/>\n<img decoding=\"async\" class=\"alignleft\" title=\"2003\" src=\"http:\/\/www.sohappy.no\/grafikk\/montage_2003d.jpg\" alt=\"\" \/><\/p>\n<p><span style=\"font-size: x-large;\"><strong>2003<\/strong><\/span><\/p>\n<p>I l\u00f8pet av januar tok \u00abUtad\u00e6sj\u00e6l\u00e5pplevelse\u00bb fullstendig av. Singlen l\u00e5 p\u00e5 VG-lista Topp 40 i 19 uker, inkludert flere uker p\u00e5 tredjeplass. Singlen rundet etterhvert platinum, og landet p\u00e5 dr\u00f8yt 13.000 solgte. Ravi var stor popstjerne f\u00f8r vinteren var over.<\/p>\n<p>I mellomtiden kom albumet \u00abBagateller\u00bb i januar. Den andre singlen, \u00abHelt Perfekt\u00bb, hadde <a href=\"http:\/\/www.myspace.com\/mariasolheim\">Maria Solheim<\/a> bak mikrofonen. I tillegg til Ravi og Solheim, sang Beate Slettevoll Lech \u00e9n l\u00e5t og Ulphs kj\u00e6reste, Tine Skarland bidro p\u00e5 \u00e9n l\u00e5t. Hele sommeren og h\u00f8sten spilte Folk &amp; R\u00f8vere \u00abUtad\u00e6sj\u00e6l\u00e5pplevelse\u00bb live rundt omkring i landet.<br \/>\nI desember ble singlen \u00abEnglest\u00f8v\u00bb sluppet som en forsmak p\u00e5 Folk &amp; R\u00f8veres f\u00f8rste samleplate.<\/p>\n<p><span style=\"font-size: x-large;\"><strong>2004<\/strong><\/span><\/p>\n<p>\u00c5ret startet med samlealbumet \u00abSommer hele \u00e5ret\u00bb, og to nominasjoner til Spellemannprisen. \u00abUtad\u00e6sj\u00e6l\u00e5pplevelse\u00bb vant imidlertid verken pris for \u00e5rets video eller \u00e5rets l\u00e5t.\u2028Fortsatt konserter med Ravi for \u00abUtad\u00e6sj\u00e6l\u00e5pplevelse\u00bb-fansen.<br \/>\nI juni var Ulph og Beate p\u00e5 scenen sammen for f\u00f8rste gang siden h\u00f8sten 1998. Konserten under Festspillene i Harstad ble en enkeltst\u00e5ende konsert. I tillegg til vokalistene spilte Jo Bakke (gitar), Martin Winstad (trommer), Marius Reksj\u00f8 (bass) og Ola Haampland (keyboards etc).<\/p>\n<p><img decoding=\"async\" class=\"alignleft\" title=\"2005\" src=\"http:\/\/www.sohappy.no\/grafikk\/montage_2005.jpg\" alt=\"\" \/><br \/>\n<img decoding=\"async\" class=\"alignleft\" title=\"2005\" src=\"http:\/\/www.sohappy.no\/grafikk\/montage_2005b.jpg\" alt=\"\" \/><\/p>\n<p><span style=\"font-size: x-large;\"><strong>2005<\/strong><\/span><\/p>\n<p>F\u00f8rste halv\u00e5r ble album nummer sju innspilt. F\u00f8rste single, \u00abSupermann\u00bb, ble sluppet i august, en VG-liste-hit med gjesteopptreden av NRKs Arne Scheie. Gjestevokalister p\u00e5 albumet \u00abTing vi skal gj\u00f8re f\u00f8r vi d\u00f8r\u00bb var i tillegg til Scheie, <a href=\"http:\/\/www.stthomas1976.net\/\">Saint Thomas<\/a>, <a href=\"http:\/\/www.unniwilhelmsen.com\/\">Unni Wilhelmsen<\/a>, <a href=\"http:\/\/en.wikipedia.org\/wiki\/Inger_Lise_Rypdal\">Inger Lise Rypdal<\/a> og Ola Haampland i tillegg til nok et bidrag fra Tine Skarland. Sjur Miljeteig var innom p\u00e5 trompet.<\/p>\n<p><span style=\"font-size: x-large;\"><strong>2006<\/strong><\/span><\/p>\n<p>Et stille Folk &amp; R\u00f8vere-\u00e5r, f\u00f8rst og fremst fordi Ulph jobbet med sitt andre band, Flunk (de var blant annet p\u00e5 USA-turn\u00e9 p\u00e5 v\u00e5ren). Men bidro med produksjon p\u00e5 en l\u00e5t (\u00abGoliat\u00bb) p\u00e5 Unni Wilhelmsens album \u00abTil Meg\u00bb.<\/p>\n<p><span style=\"font-size: x-large;\"><strong>2007<\/strong><\/span><\/p>\n<p>folk&amp;r\u00f8veres \u00e5ttende album tok form, blant annet under en session i London.<\/p>\n<p><span style=\"font-size: x-large;\"><strong>2008<\/strong><\/span><\/p>\n<p>Albumet \u00abLysr\u00e6dd\u00bb ble sluppet i april. F\u00e5 gjester, men Flunk-vokalist <a href=\"http:\/\/www.myspace.com\/anjavister\">Anja \u00d8yen Vister<\/a> bidro.<br \/>\nSpilte p\u00e5 VG-listas store jubileumsshow p\u00e5 R\u00e5dhusplassen i juni \u2013 <a href=\"http:\/\/www.dagsavisen.no\/kultur\/musikk\/article355689.ece\">med Ravi<\/a>, og gjorde ogs\u00e5 sin aller f\u00f8rste opptreden i Ulphs hjembygd Aurskog!<br \/>\nBidro ogs\u00e5 p\u00e5 samleboksen \u00abYou May Find A Treasure Everywhere\u00bb med stort sett uutgitt materiale med Saint Thomas (Thomas Hansen). Folk &amp; R\u00f8vere-bidraget var Alf Pr\u00f8ysens \u00abUngkarssorg\u00bb, som Saint Thomas sang p\u00e5 under studioinnspillingen av albumet \u00abTing vi skal gj\u00f8re f\u00f8r vi d\u00f8r\u00bb i 2005.<\/p>\n<p><span style=\"font-size: x-large;\"><strong>2009<\/strong><\/span><\/p>\n<p>L\u00e5tskriving og preproduksjon til nytt Folk &amp; R\u00f8vere-album.<\/p>\n<p><span style=\"font-size: x-large;\"><strong>2010<\/strong><\/span><\/p>\n<p>Skrev ferdig og spilte inn nytt F&amp;R-album, d\u00f8pt \u00abHvis du ikke finner meg, s\u00e5 let i byene\u00bb. <a href=\"http:\/\/www.myspace.com\/thereselech\">Therese Lech<\/a> kom inn som vokalist, og platen ble spilt inn i Waterfall Studio i Oslo med gamle kjente: Jo Bakke p\u00e5 gitar, Martin Winstad trommer, Sverre Thorstensen p\u00e5 piano og synth\/rhodes og Marius Reksj\u00f8 p\u00e5 bass. I produsentstolen sammen med Ulph satt mannen bak de to f\u00f8rste F&amp;R-albumene, Ola Haampland.<br \/>\nAlle innspillingene hovedsaklig i m\u00e5l til nytt\u00e5r.<\/p>\n<p><img decoding=\"async\" class=\"alignleft\" title=\"2011\" src=\"http:\/\/www.sohappy.no\/grafikk\/montage_2011.gif\" alt=\"\" \/><\/p>\n<p><span style=\"font-size: x-large;\"><strong>2011<\/strong><\/span><\/p>\n<p>Det nye albumet mikset med Odd Jensen (fra <a href=\"http:\/\/no.wikipedia.org\/wiki\/Babel_Fish_(band)\">Babel Fish<\/a>) i januar.<br \/>\nSpilte p\u00e5 kaf\u00e9en fru Hagens 15-\u00e5rsjubileum s\u00f8ndag 1. mai, den f\u00f8rste F&amp;R-konserten med band i hovedstaden siden h\u00f8sten 1999. Ogs\u00e5 Therese Lech sin debutkonsert, og stores\u00f8ster Beate gjestet p\u00e5 l\u00e5ten \u00abfru Hagen\u00bb.<br \/>\nAlbum-release av \u00abHvis du ikke finner meg, s\u00e5 let i byene\u00bb mandag 9. mai.<\/p>\n<p><span style=\"font-size: x-large;\"><strong>2014<\/strong><\/span><\/p>\n<p>Startet innspillingene av nytt album i februar, med blant annet en av to studiosesjoner med pianist Tord Gustavsen.<br \/>\nF\u00f8rste single, \u00abDottet\u00e5\u00bb, kom i desember.<\/p>\n<p><span style=\"font-size: x-large;\"><strong>2015<\/strong><\/span><\/p>\n<p>Ytterligere to singler, \u00ab1gongT\u00bb og \u00abElektrisk\u00bb, sluppet i forkant av albumet \u00abSirupsanger\u00bb, som blir sluppet 8. mai &#8211; nesten p\u00e5 dagen fire \u00e5r etter forige album.<br \/>\nSammen med Ulph og Therese Lech, er \u00d8ystein Haugan sentral p\u00e5 flere instrumenter og som med-produsent. Tord Gustavsen spiller piano, Sjur Miljeteig leverer trompet og Hermund Nyg\u00e5rd trommer.<\/p>\n<p><span style=\"font-size: x-large;\"><strong>2022<\/strong><\/span><\/p>\n<p>Albumet \u00abEtterp\u00e5\u00bb ble p\u00e5begynt i 2021, og utgitt 28. oktober. Singler i forkant var \u00abPrikk Lik\u00bb (med Ravi p\u00e5 vokal, kom p\u00e5 egen 20 \u00e5r etter utgivelsen av \u00abUtad\u00e6sj\u00e6l\u00e5pplevelse\u00bb) og \u00abFem fine fr\u00f8kner\u00bb (med Berthina Kayembe). Albumet produsert av en kjerne inkludert Ulph, Ole Kristian Wetten og Anita Valderhaug. I tillegg bidro Sjur Miljeteig, Elisabeth Nesset og Bj\u00f8rn Hatterud.<\/p>\n","protected":false},"excerpt":{"rendered":"<p>1994 Den f\u00f8rste Folk &amp; R\u00f8vere-demoen ble k\u00e5ret til \u00e5rets demo p\u00e5 NRK Petre. Demoen ble innspilt i en l\u00e5ve<\/p>\n<p><span class=\"more-link\"><a href=\"https:\/\/sohappy.no\/blogg\/folkogrovere\/folkogrovere-bio\/\" class=\"readmore\">Continue reading<span class=\"screen-reader-text\">Folk &#038; R\u00f8vere Bio<\/span><\/a><\/span><\/p>\n","protected":false},"author":1,"featured_media":0,"parent":687,"menu_order":0,"comment_status":"open","ping_status":"open","template":"","meta":{"footnotes":""},"class_list":["post-209","page","type-page","status-publish","hentry"],"_links":{"self":[{"href":"https:\/\/sohappy.no\/blogg\/wp-json\/wp\/v2\/pages\/209","targetHints":{"allow":["GET"]}}],"collection":[{"href":"https:\/\/sohappy.no\/blogg\/wp-json\/wp\/v2\/pages"}],"about":[{"href":"https:\/\/sohappy.no\/blogg\/wp-json\/wp\/v2\/types\/page"}],"author":[{"embeddable":true,"href":"https:\/\/sohappy.no\/blogg\/wp-json\/wp\/v2\/users\/1"}],"replies":[{"embeddable":true,"href":"https:\/\/sohappy.no\/blogg\/wp-json\/wp\/v2\/comments?post=209"}],"version-history":[{"count":48,"href":"https:\/\/sohappy.no\/blogg\/wp-json\/wp\/v2\/pages\/209\/revisions"}],"predecessor-version":[{"id":1137,"href":"https:\/\/sohappy.no\/blogg\/wp-json\/wp\/v2\/pages\/209\/revisions\/1137"}],"up":[{"embeddable":true,"href":"https:\/\/sohappy.no\/blogg\/wp-json\/wp\/v2\/pages\/687"}],"wp:attachment":[{"href":"https:\/\/sohappy.no\/blogg\/wp-json\/wp\/v2\/media?parent=209"}],"curies":[{"name":"wp","href":"https:\/\/api.w.org\/{rel}","templated":true}]}}