{"id":687,"date":"2017-12-12T11:02:56","date_gmt":"2017-12-12T10:02:56","guid":{"rendered":"http:\/\/sohappy.no\/blogg\/?page_id=687"},"modified":"2022-10-22T11:45:08","modified_gmt":"2022-10-22T09:45:08","slug":"folkogrovere","status":"publish","type":"page","link":"https:\/\/sohappy.no\/blogg\/folkogrovere\/","title":{"rendered":"FOLK &#038; R\u00d8VERE"},"content":{"rendered":"\n<figure class=\"wp-block-image size-large\"><a href=\"https:\/\/sohappy.no\/blogg\/wp-content\/uploads\/2022\/05\/FogR_comp_digitalsleeve_small.jpg\"><img loading=\"lazy\" decoding=\"async\" width=\"1024\" height=\"1024\" src=\"https:\/\/sohappy.no\/blogg\/wp-content\/uploads\/2022\/05\/FogR_comp_digitalsleeve_small-1024x1024.jpg\" alt=\"\" class=\"wp-image-1120\" srcset=\"https:\/\/sohappy.no\/blogg\/wp-content\/uploads\/2022\/05\/FogR_comp_digitalsleeve_small-1024x1024.jpg 1024w, https:\/\/sohappy.no\/blogg\/wp-content\/uploads\/2022\/05\/FogR_comp_digitalsleeve_small-300x300.jpg 300w, https:\/\/sohappy.no\/blogg\/wp-content\/uploads\/2022\/05\/FogR_comp_digitalsleeve_small-150x150.jpg 150w, https:\/\/sohappy.no\/blogg\/wp-content\/uploads\/2022\/05\/FogR_comp_digitalsleeve_small-768x768.jpg 768w, https:\/\/sohappy.no\/blogg\/wp-content\/uploads\/2022\/05\/FogR_comp_digitalsleeve_small-666x666.jpg 666w, https:\/\/sohappy.no\/blogg\/wp-content\/uploads\/2022\/05\/FogR_comp_digitalsleeve_small-96x96.jpg 96w, https:\/\/sohappy.no\/blogg\/wp-content\/uploads\/2022\/05\/FogR_comp_digitalsleeve_small.jpg 1400w\" sizes=\"auto, (max-width: 1024px) 100vw, 1024px\" \/><\/a><\/figure>\n\n\n<p>Folk &amp; R\u00f8vere snek seg inn i norsk popmusikk i 1996, og har til n\u00e5 laget ni studioalbum. Musikken er like sjangerspennende som gjestelisten av musikere som har deltatt p\u00e5 platene, fra Arne Scheie og Inger Lise Rypdal til Tord Gustavsen og selvsagt Ravi og Beate Lech. Folk &amp; R\u00f8vere har sneiet innom hitlistene med platinumsinglen \u00abUtad\u00e6sj\u00e6\u00e5pplevelse\u00bb, \u00abYess!\u00bb, \u00abSupermann\u00bb og flere.<\/p>\n<p><strong>Folk &amp; R\u00f8vere:<\/strong> <a href=\"https:\/\/www.facebook.com\/folkogrovere\/\">Facebook<\/a> | <a href=\"https:\/\/open.spotify.com\/artist\/5jVLZ3NoJJ5kRcSnYOgSHO\">Spotify<\/a> | <a href=\"https:\/\/itunes.apple.com\/no\/artist\/folk-r%C3%B8vere\/76778457?l=nb\">iTunes<\/a> | <a href=\"https:\/\/sohappy.no\/blogg\/folkogrovere\/folkogrovere-bio\/\">Biografi<\/a> | <a href=\"https:\/\/sohappy.no\/blogg\/folkogrovere\/folk-rovere-releases\/\">Utgivelser<\/a> | <a href=\"https:\/\/sohappy.no\/blogg\/folkogrovere\/folkogrovere-tekster\/\">Tekster<\/a> | <a href=\"https:\/\/sohappy.no\/blogg\/folkogrovere\/folkogrovere-video\/\">Video<\/a><\/p>\n<p>\u00a0<\/p>\n<p><iframe loading=\"lazy\" title=\"Folk &amp; R\u00f8vere: Romskip\" width=\"920\" height=\"518\" src=\"https:\/\/www.youtube.com\/embed\/INS_FtcMM7k?feature=oembed\" frameborder=\"0\" allow=\"accelerometer; autoplay; clipboard-write; encrypted-media; gyroscope; picture-in-picture\" allowfullscreen><\/iframe><\/p>","protected":false},"excerpt":{"rendered":"<p>Folk &amp; R\u00f8vere snek seg inn i norsk popmusikk i 1996, og har til n\u00e5 laget ni studioalbum. Musikken er<\/p>\n<p><span class=\"more-link\"><a href=\"https:\/\/sohappy.no\/blogg\/folkogrovere\/\" class=\"readmore\">Continue reading<span class=\"screen-reader-text\">FOLK &#038; R\u00d8VERE<\/span><\/a><\/span><\/p>\n","protected":false},"author":1,"featured_media":0,"parent":0,"menu_order":0,"comment_status":"closed","ping_status":"closed","template":"","meta":{"footnotes":""},"class_list":["post-687","page","type-page","status-publish","hentry"],"_links":{"self":[{"href":"https:\/\/sohappy.no\/blogg\/wp-json\/wp\/v2\/pages\/687","targetHints":{"allow":["GET"]}}],"collection":[{"href":"https:\/\/sohappy.no\/blogg\/wp-json\/wp\/v2\/pages"}],"about":[{"href":"https:\/\/sohappy.no\/blogg\/wp-json\/wp\/v2\/types\/page"}],"author":[{"embeddable":true,"href":"https:\/\/sohappy.no\/blogg\/wp-json\/wp\/v2\/users\/1"}],"replies":[{"embeddable":true,"href":"https:\/\/sohappy.no\/blogg\/wp-json\/wp\/v2\/comments?post=687"}],"version-history":[{"count":15,"href":"https:\/\/sohappy.no\/blogg\/wp-json\/wp\/v2\/pages\/687\/revisions"}],"predecessor-version":[{"id":1147,"href":"https:\/\/sohappy.no\/blogg\/wp-json\/wp\/v2\/pages\/687\/revisions\/1147"}],"wp:attachment":[{"href":"https:\/\/sohappy.no\/blogg\/wp-json\/wp\/v2\/media?parent=687"}],"curies":[{"name":"wp","href":"https:\/\/api.w.org\/{rel}","templated":true}]}}