{"id":723,"date":"2017-12-26T08:08:41","date_gmt":"2017-12-26T07:08:41","guid":{"rendered":"http:\/\/sohappy.no\/blogg\/?page_id=723"},"modified":"2017-12-26T08:09:21","modified_gmt":"2017-12-26T07:09:21","slug":"mp3","status":"publish","type":"page","link":"https:\/\/sohappy.no\/blogg\/folkogrovere\/mp3\/","title":{"rendered":"MP3"},"content":{"rendered":"<p><img decoding=\"async\" class=\"alignleft\" title=\"Ungkarssorg\" src=\"http:\/\/www.sohappy.no\/grafikk\/saintthomas.jpg\" alt=\"\" width=\"100\/\" \/><br \/>\n<span style=\"font-size: medium;\"><strong>Folk &amp; R\u00f8vere feat. Saint Thomas:\u00a0<\/strong>Ungkarssorg<\/span><\/p>\n<audio class=\"wp-audio-shortcode\" id=\"audio-723-1\" loop autoplay style=\"width: 100%;\" controls=\"controls\"><source type=\"audio\/mpeg\" src=\"http:\/\/www.sohappy.no\/ungkarssorg_feat_saintthomas.mp3?_=1\" \/><a href=\"http:\/\/www.sohappy.no\/ungkarssorg_feat_saintthomas.mp3\">http:\/\/www.sohappy.no\/ungkarssorg_feat_saintthomas.mp3<\/a><\/audio>\n<p><a href=\"http:\/\/www.sohappy.no\/ungkarssorg_feat_saintthomas.mp3\"><strong>Download mp3.<\/strong><\/a><em>\u00a0From Saint Thomas&#8217; collection \u00abYou May Find a Treasure Everywhere\u00bb (2008)<\/em><\/p>\n<p><img decoding=\"async\" class=\"alignleft\" title=\"Englest\u00f8v\" src=\"http:\/\/www.sohappy.no\/grafikk\/englestov.jpg\" alt=\"\" width=\"100\/\" \/><br \/>\n<span style=\"font-size: medium;\"><strong>Folk &amp; R\u00f8vere:<\/strong> Englest\u00f8v (Demo)<\/span><\/p>\n<audio class=\"wp-audio-shortcode\" id=\"audio-723-2\" loop autoplay style=\"width: 100%;\" controls=\"controls\"><source type=\"audio\/mpeg\" src=\"http:\/\/www.sohappy.no\/mp3\/02_Englestov_Demo.mp3?_=2\" \/><a href=\"http:\/\/www.sohappy.no\/mp3\/02_Englestov_Demo.mp3\">http:\/\/www.sohappy.no\/mp3\/02_Englestov_Demo.mp3<\/a><\/audio>\n<p><strong><a href=\"http:\/\/www.sohappy.no\/mp3\/02_Englestov_Demo.mp3\">Download mp3<\/a><\/strong><\/p>\n<p><img decoding=\"async\" class=\"alignleft\" title=\"Utad\u00e6sj\u00e6l\u00e5pplevelse\" src=\"http:\/\/www.sohappy.no\/grafikk\/utadasjalapplevelse.jpg\" alt=\"\" width=\"100\/\" \/><br \/>\n<span style=\"font-size: medium;\"><strong>Folk &amp; R\u00f8vere: <\/strong>Utad\u00e6sj\u00e6l\u00e5pplevelse (karaoke)<\/span><\/p>\n<audio class=\"wp-audio-shortcode\" id=\"audio-723-3\" loop autoplay style=\"width: 100%;\" controls=\"controls\"><source type=\"audio\/mpeg\" src=\"http:\/\/www.sohappy.no\/utadasjalapplevelse_karaoke.mp3?_=3\" \/><a href=\"http:\/\/www.sohappy.no\/utadasjalapplevelse_karaoke.mp3\">http:\/\/www.sohappy.no\/utadasjalapplevelse_karaoke.mp3<\/a><\/audio>\n<p><a href=\"http:\/\/www.sohappy.no\/utadasjalapplevelse_karaoke.mp3\"><strong>Download mp3<\/strong><\/a><\/p>\n<p><img decoding=\"async\" class=\"alignleft\" title=\"Helt Perfekt\" src=\"http:\/\/www.sohappy.no\/grafikk\/heltperfekt.jpg\" alt=\"\" width=\"100\/\" \/><br \/>\n<span style=\"font-size: medium;\"><strong>Folk &amp; R\u00f8vere: <\/strong>Helt Perfekt (1_1 Stereoskill Remix)<\/span><\/p>\n<audio class=\"wp-audio-shortcode\" id=\"audio-723-4\" loop autoplay style=\"width: 100%;\" controls=\"controls\"><source type=\"audio\/mpeg\" src=\"http:\/\/www.sohappy.no\/heltperfekt_stereskill_1_1.mp3?_=4\" \/><a href=\"http:\/\/www.sohappy.no\/heltperfekt_stereskill_1_1.mp3\">http:\/\/www.sohappy.no\/heltperfekt_stereskill_1_1.mp3<\/a><\/audio>\n<p><strong><a href=\"http:\/\/www.sohappy.no\/heltperfekt_stereskill_1_1.mp3\">Download mp3<\/a><\/strong><\/p>\n<p><img decoding=\"async\" class=\"alignleft\" title=\"Helt Perfekt\" src=\"http:\/\/www.sohappy.no\/grafikk\/heltperfekt.jpg\" alt=\"\" width=\"100\/\" \/><br \/>\n<span style=\"font-size: medium;\"><strong>Folk &amp; R\u00f8vere: <\/strong>Helt Perfekt (hultra_ard Stereoskill Remix)<\/span><\/p>\n<audio class=\"wp-audio-shortcode\" id=\"audio-723-5\" loop autoplay style=\"width: 100%;\" controls=\"controls\"><source type=\"audio\/mpeg\" src=\"http:\/\/www.sohappy.no\/heltperfekt_stereoskill_hultra_ard.mp3?_=5\" \/><a href=\"http:\/\/www.sohappy.no\/heltperfekt_stereoskill_hultra_ard.mp3\">http:\/\/www.sohappy.no\/heltperfekt_stereoskill_hultra_ard.mp3<\/a><\/audio>\n<p><strong><a href=\"http:\/\/www.sohappy.no\/heltperfekt_stereoskill_hultra_ard.mp3\">Download mp3<\/a><\/strong><\/p>\n<p><img decoding=\"async\" class=\"alignleft\" title=\"Vinduet 01\/2001\" src=\"http:\/\/www.sohappy.no\/grafikk\/vinduet_01_2001.gif\" alt=\"\" width=\"100\/\" \/><br \/>\n<span style=\"font-size: medium;\"><strong>Folk &amp; R\u00f8vere: <\/strong>Natten i natt (feat. Jens Bj\u00f8rneboe)<\/span><\/p>\n<audio class=\"wp-audio-shortcode\" id=\"audio-723-6\" loop autoplay style=\"width: 100%;\" controls=\"controls\"><source type=\"audio\/mpeg\" src=\"http:\/\/www.sohappy.no\/mp3\/02_Natten_I_Natt.mp3?_=6\" \/><a href=\"http:\/\/www.sohappy.no\/mp3\/02_Natten_I_Natt.mp3\">http:\/\/www.sohappy.no\/mp3\/02_Natten_I_Natt.mp3<\/a><\/audio>\n<p><strong><a href=\"http:\/\/www.sohappy.no\/mp3\/02_Natten_I_Natt.mp3\">Download mp3.<\/a><\/strong><em>\u00a0(Vinduet, 2001)<\/em><\/p>\n<p><img decoding=\"async\" class=\"alignleft\" title=\"Vinduet 01\/2001\" src=\"http:\/\/www.sohappy.no\/grafikk\/vinduet_01_2001.gif\" alt=\"\" width=\"100\/\" \/><br \/>\n<span style=\"font-size: medium;\"><strong>Folk &amp; R\u00f8vere: <\/strong>Jeg Holder Ditt Hode (feat. Tine Skarland)<\/span><\/p>\n<audio class=\"wp-audio-shortcode\" id=\"audio-723-7\" loop autoplay style=\"width: 100%;\" controls=\"controls\"><source type=\"audio\/mpeg\" src=\"http:\/\/www.sohappy.no\/mp3\/03_Jeg_Holder_Ditt_Hode.mp3?_=7\" \/><a href=\"http:\/\/www.sohappy.no\/mp3\/03_Jeg_Holder_Ditt_Hode.mp3\">http:\/\/www.sohappy.no\/mp3\/03_Jeg_Holder_Ditt_Hode.mp3<\/a><\/audio>\n<p><strong><a href=\"http:\/\/www.sohappy.no\/mp3\/03_Jeg_Holder_Ditt_Hode.mp3\">Download mp3.<\/a><\/strong><em><strong>\u00a0<\/strong>(Vinduet, 2001)<\/em><\/p>\n","protected":false},"excerpt":{"rendered":"<p>Folk &amp; R\u00f8vere feat. Saint Thomas:\u00a0Ungkarssorg Download mp3.\u00a0From Saint Thomas&#8217; collection \u00abYou May Find a Treasure Everywhere\u00bb (2008) Folk &amp;<\/p>\n<p><span class=\"more-link\"><a href=\"https:\/\/sohappy.no\/blogg\/folkogrovere\/mp3\/\" class=\"readmore\">Continue reading<span class=\"screen-reader-text\">MP3<\/span><\/a><\/span><\/p>\n","protected":false},"author":1,"featured_media":0,"parent":687,"menu_order":0,"comment_status":"closed","ping_status":"closed","template":"","meta":{"footnotes":""},"class_list":["post-723","page","type-page","status-publish","hentry"],"_links":{"self":[{"href":"https:\/\/sohappy.no\/blogg\/wp-json\/wp\/v2\/pages\/723","targetHints":{"allow":["GET"]}}],"collection":[{"href":"https:\/\/sohappy.no\/blogg\/wp-json\/wp\/v2\/pages"}],"about":[{"href":"https:\/\/sohappy.no\/blogg\/wp-json\/wp\/v2\/types\/page"}],"author":[{"embeddable":true,"href":"https:\/\/sohappy.no\/blogg\/wp-json\/wp\/v2\/users\/1"}],"replies":[{"embeddable":true,"href":"https:\/\/sohappy.no\/blogg\/wp-json\/wp\/v2\/comments?post=723"}],"version-history":[{"count":1,"href":"https:\/\/sohappy.no\/blogg\/wp-json\/wp\/v2\/pages\/723\/revisions"}],"predecessor-version":[{"id":724,"href":"https:\/\/sohappy.no\/blogg\/wp-json\/wp\/v2\/pages\/723\/revisions\/724"}],"up":[{"embeddable":true,"href":"https:\/\/sohappy.no\/blogg\/wp-json\/wp\/v2\/pages\/687"}],"wp:attachment":[{"href":"https:\/\/sohappy.no\/blogg\/wp-json\/wp\/v2\/media?parent=723"}],"curies":[{"name":"wp","href":"https:\/\/api.w.org\/{rel}","templated":true}]}}